{"id":74,"date":"2024-01-30T13:19:07","date_gmt":"2024-01-30T12:19:07","guid":{"rendered":"https:\/\/hockey-romorantin.fr\/?page_id=74"},"modified":"2024-02-16T10:20:10","modified_gmt":"2024-02-16T09:20:10","slug":"essais-gratuits","status":"publish","type":"page","link":"https:\/\/hockey-romorantin.fr\/index.php\/essais-gratuits\/","title":{"rendered":"Essais Gratuits"},"content":{"rendered":"\n<p>Que vous ayez d\u00e9j\u00e0 mis les pieds sur la glace ou pas, vous pouvez b\u00e9n\u00e9ficier de 3 essais gratuits.<\/p>\n\n\n\n<p>Les essais ont lieu les vendredis soir, \u00e0 partir de 18h00 pour les 4 \u00e0 11 ans et \u00e0 partir de 19h30 pour les 12 ans et plus. Le mat\u00e9riel vous sera pr\u00eat\u00e9 (dans la limite du mat\u00e9riel disponible).<\/p>\n\n\n\n<p>Pour r\u00e9server votre premi\u00e8re s\u00e9ance, contactez nous au pr\u00e9alable par mail \u00e0 l&rsquo;adresse suivante \u00ab\u00a0romorantin.24009@ffhg.eu\u00a0\u00bb en indiquant un num\u00e9ro de t\u00e9l\u00e9phone auquel vous joindre ainsi que vos nom et pr\u00e9nom et la pointure de la personne qui souhaite essayer (si vous n&rsquo;avez pas de patins).<\/p>\n\n\n\n<p>Vous devrez venir une demi-heure avant afin de pouvoir essayer l&rsquo;\u00e9quipement qui vous sera pr\u00eat\u00e9.<\/p>\n\n\n\n<div class=\"wp-block-file\"><a id=\"wp-block-file--media-d8848021-11a7-4d56-ba5a-e3577b79456a\" href=\"http:\/\/hockey-romorantin.fr\/wp-content\/uploads\/2024\/02\/Formulaire-seances-d-essai-gratuites.pdf\" target=\"_blank\" rel=\"noreferrer noopener\">Formulaire s\u00e9ances d&rsquo;essai gratuites<\/a><\/div>\n\n\n\n<p>Merci de venir avec le formulaire disponible dans le lien ci-dessus d\u00fbment renseign\u00e9.<\/p>\n","protected":false},"excerpt":{"rendered":"<p>Que vous ayez d\u00e9j\u00e0 mis les pieds sur la glace ou pas, vous pouvez b\u00e9n\u00e9ficier de 3 essais gratuits. Les essais ont lieu les vendredis soir, \u00e0 partir de 18h00 [&hellip;]<\/p>\n","protected":false},"author":1,"featured_media":0,"parent":0,"menu_order":0,"comment_status":"closed","ping_status":"closed","template":"","meta":{"_EventAllDay":false,"_EventTimezone":"","_EventStartDate":"","_EventEndDate":"","_EventStartDateUTC":"","_EventEndDateUTC":"","_EventShowMap":false,"_EventShowMapLink":false,"_EventURL":"","_EventCost":"","_EventCostDescription":"","_EventCurrencySymbol":"","_EventCurrencyCode":"","_EventCurrencyPosition":"","_EventDateTimeSeparator":"","_EventTimeRangeSeparator":"","_EventOrganizerID":[],"_EventVenueID":[],"_OrganizerEmail":"","_OrganizerPhone":"","_OrganizerWebsite":"","_VenueAddress":"","_VenueCity":"","_VenueCountry":"","_VenueProvince":"","_VenueState":"","_VenueZip":"","_VenuePhone":"","_VenueURL":"","_VenueStateProvince":"","_VenueLat":"","_VenueLng":"","_VenueShowMap":false,"_VenueShowMapLink":false,"footnotes":""},"class_list":["post-74","page","type-page","status-publish","hentry"],"_links":{"self":[{"href":"https:\/\/hockey-romorantin.fr\/index.php\/wp-json\/wp\/v2\/pages\/74","targetHints":{"allow":["GET"]}}],"collection":[{"href":"https:\/\/hockey-romorantin.fr\/index.php\/wp-json\/wp\/v2\/pages"}],"about":[{"href":"https:\/\/hockey-romorantin.fr\/index.php\/wp-json\/wp\/v2\/types\/page"}],"author":[{"embeddable":true,"href":"https:\/\/hockey-romorantin.fr\/index.php\/wp-json\/wp\/v2\/users\/1"}],"replies":[{"embeddable":true,"href":"https:\/\/hockey-romorantin.fr\/index.php\/wp-json\/wp\/v2\/comments?post=74"}],"version-history":[{"count":3,"href":"https:\/\/hockey-romorantin.fr\/index.php\/wp-json\/wp\/v2\/pages\/74\/revisions"}],"predecessor-version":[{"id":106,"href":"https:\/\/hockey-romorantin.fr\/index.php\/wp-json\/wp\/v2\/pages\/74\/revisions\/106"}],"wp:attachment":[{"href":"https:\/\/hockey-romorantin.fr\/index.php\/wp-json\/wp\/v2\/media?parent=74"}],"curies":[{"name":"wp","href":"https:\/\/api.w.org\/{rel}","templated":true}]}}